{"id":246,"date":"2025-04-01T21:46:18","date_gmt":"2025-04-01T19:46:18","guid":{"rendered":"https:\/\/gem-force.fr\/?page_id=246"},"modified":"2025-04-03T10:00:32","modified_gmt":"2025-04-03T08:00:32","slug":"mentions-legales","status":"publish","type":"page","link":"https:\/\/gem-force.fr\/index.php\/mentions-legales\/","title":{"rendered":"Mentions l\u00e9gales"},"content":{"rendered":"\n<div style=\"height:30px\" aria-hidden=\"true\" class=\"wp-block-spacer\"><\/div>\n\n\n\n<p><strong>1. \u00c9diteur du site<\/strong> <\/p>\n\n\n\n<p>Le site <strong>Gem Force<\/strong> est \u00e9dit\u00e9 par GEM FORCE, soci\u00e9t\u00e9 par actions simplifi\u00e9e unipersonnelle (SASU) immatricul\u00e9e au Registre du Commerce et des Soci\u00e9t\u00e9s de Le Mans sous le num\u00e9ro <strong>928 449 750<\/strong>.<\/p>\n\n\n\n<ul class=\"wp-block-list\">\n<li><strong>D\u00e9nomination sociale<\/strong> : GEM FORCE<\/li>\n\n\n\n<li><strong>Forme juridique<\/strong> : SASU (Soci\u00e9t\u00e9 par Actions Simplifi\u00e9e Unipersonnelle)<\/li>\n\n\n\n<li><strong>Si\u00e8ge social<\/strong> : 2 B RUE AUDET, 72500 MONTVAL-SUR-LOIR<\/li>\n\n\n\n<li><strong>Num\u00e9ro RCS<\/strong> : 928 449 750 R.C.S. Le Mans<\/li>\n\n\n\n<li><strong>Num\u00e9ro de TVA intracommunautaire<\/strong> : FR82928449750<\/li>\n\n\n\n<li><strong>Email de contact<\/strong> : <a>direction@gem-force.fr<\/a><\/li>\n\n\n\n<li><strong>Directeur de la publication<\/strong> : S\u00e9bastien Duval<\/li>\n<\/ul>\n\n\n\n<p><strong>2. H\u00e9bergement du site<\/strong> <\/p>\n\n\n\n<p>Le site est h\u00e9berg\u00e9 par :<\/p>\n\n\n\n<ul class=\"wp-block-list\">\n<li><strong>Nom de l\u2019h\u00e9bergeur<\/strong> : LWS \u2013 LIGNE WEB SERVICES<\/li>\n\n\n\n<li><strong>Adresse<\/strong> : 2 Rue Jules Ferry, 88190 Golbey<\/li>\n<\/ul>\n\n\n\n<p><strong>3. Propri\u00e9t\u00e9 intellectuelle<\/strong> <\/p>\n\n\n\n<p>L\u2019ensemble du contenu du site (textes, images, graphismes, logos, vid\u00e9os, ic\u00f4nes, sons, logiciels, etc.) est prot\u00e9g\u00e9 par les lois relatives \u00e0 la propri\u00e9t\u00e9 intellectuelle et est la propri\u00e9t\u00e9 exclusive de GEM FORCE ou de tiers ayant autoris\u00e9 GEM FORCE \u00e0 les exploiter.<\/p>\n\n\n\n<p>Toute reproduction, repr\u00e9sentation, modification, publication, transmission, ou adaptation de tout ou partie des \u00e9l\u00e9ments du site, quel que soit le moyen ou le proc\u00e9d\u00e9 utilis\u00e9, est interdite sans autorisation pr\u00e9alable \u00e9crite de GEM FORCE.<\/p>\n\n\n\n<p><strong>4. Donn\u00e9es personnelles et confidentialit\u00e9<\/strong> <\/p>\n\n\n\n<p>Conform\u00e9ment au R\u00e8glement G\u00e9n\u00e9ral sur la Protection des Donn\u00e9es (RGPD), GEM FORCE s\u2019engage \u00e0 assurer la protection des donn\u00e9es personnelles des utilisateurs du site. Pour plus d\u2019informations sur le traitement des donn\u00e9es, veuillez consulter notre [Politique de Confidentialit\u00e9](lien vers la politique de confidentialit\u00e9).<\/p>\n\n\n\n<p><strong>5. Cookies<\/strong> <\/p>\n\n\n\n<p>Le site utilise des cookies pour am\u00e9liorer l\u2019exp\u00e9rience utilisateur et analyser le trafic. Les utilisateurs peuvent configurer leur navigateur pour refuser l\u2019utilisation des cookies. Pour en savoir plus, consultez notre [Politique de Confidentialit\u00e9](lien vers la politique de confidentialit\u00e9).<\/p>\n\n\n\n<p><strong>6. Responsabilit\u00e9<\/strong> <\/p>\n\n\n\n<p>GEM FORCE met en \u0153uvre tous les moyens raisonnables pour assurer l\u2019exactitude et la mise \u00e0 jour des informations diffus\u00e9es sur le site. Toutefois, l\u2019\u00e9diteur ne peut \u00eatre tenu responsable des erreurs, omissions, ou de l\u2019indisponibilit\u00e9 des informations.<\/p>\n\n\n\n<p>L\u2019utilisateur reconna\u00eet utiliser le site sous sa responsabilit\u00e9 exclusive. GEM FORCE ne saurait \u00eatre tenu responsable des dommages directs ou indirects r\u00e9sultant de l\u2019utilisation du site.<\/p>\n\n\n\n<p><strong>7. Liens hypertextes<\/strong> <\/p>\n\n\n\n<p>Le site peut contenir des liens vers des sites tiers. GEM FORCE n\u2019a aucun contr\u00f4le sur ces sites et d\u00e9cline toute responsabilit\u00e9 quant \u00e0 leur contenu.<\/p>\n\n\n\n<p><strong>8. Droit applicable et juridiction comp\u00e9tente<\/strong> <\/p>\n\n\n\n<p>Les pr\u00e9sentes mentions l\u00e9gales sont soumises au droit fran\u00e7ais. En cas de litige, et apr\u00e8s tentative de r\u00e9solution amiable, les tribunaux de Le Mans seront seuls comp\u00e9tents.<\/p>\n\n\n\n<p><strong>9. Contact<\/strong> <\/p>\n\n\n\n<p>Pour toute question ou r\u00e9clamation, vous pouvez nous contacter \u00e0 l\u2019adresse suivante :<\/p>\n\n\n\n<ul class=\"wp-block-list\">\n<li><strong>Email<\/strong> : <a>direction@gem-force.fr<\/a><\/li>\n\n\n\n<li><strong>Adresse postale<\/strong> : 2 B RUE AUDET, 72500 MONTVAL-SUR-LOIR<\/li>\n<\/ul>\n","protected":false},"excerpt":{"rendered":"<p>1. \u00c9diteur du site Le site Gem Force est \u00e9dit\u00e9 par GEM FORCE, soci\u00e9t\u00e9 par actions simplifi\u00e9e unipersonnelle (SASU) immatricul\u00e9e au Registre du Commerce et des Soci\u00e9t\u00e9s de Le Mans sous le num\u00e9ro 928 449 750. 2. H\u00e9bergement du site Le site est h\u00e9berg\u00e9 par : 3. Propri\u00e9t\u00e9 intellectuelle L\u2019ensemble du contenu du site (textes, [&hellip;]<\/p>\n","protected":false},"author":1,"featured_media":0,"parent":0,"menu_order":0,"comment_status":"closed","ping_status":"closed","template":"","meta":{"footnotes":""},"class_list":["post-246","page","type-page","status-publish","hentry"],"yoast_head":"<!-- This site is optimized with the Yoast SEO plugin v24.8.1 - https:\/\/yoast.com\/wordpress\/plugins\/seo\/ -->\n<title>Mentions l\u00e9gales - Gem Force<\/title>\n<meta name=\"robots\" content=\"index, follow, max-snippet:-1, max-image-preview:large, max-video-preview:-1\" \/>\n<link rel=\"canonical\" href=\"https:\/\/gem-force.fr\/index.php\/mentions-legales\/\" \/>\n<meta property=\"og:locale\" content=\"fr_FR\" \/>\n<meta property=\"og:type\" content=\"article\" \/>\n<meta property=\"og:title\" content=\"Mentions l\u00e9gales - Gem Force\" \/>\n<meta property=\"og:description\" content=\"1. \u00c9diteur du site Le site Gem Force est \u00e9dit\u00e9 par GEM FORCE, soci\u00e9t\u00e9 par actions simplifi\u00e9e unipersonnelle (SASU) immatricul\u00e9e au Registre du Commerce et des Soci\u00e9t\u00e9s de Le Mans sous le num\u00e9ro 928 449 750. 2. H\u00e9bergement du site Le site est h\u00e9berg\u00e9 par : 3. Propri\u00e9t\u00e9 intellectuelle L\u2019ensemble du contenu du site (textes, [&hellip;]\" \/>\n<meta property=\"og:url\" content=\"https:\/\/gem-force.fr\/index.php\/mentions-legales\/\" \/>\n<meta property=\"og:site_name\" content=\"Gem Force\" \/>\n<meta property=\"article:publisher\" content=\"https:\/\/www.facebook.com\/seb.valdu\" \/>\n<meta property=\"article:modified_time\" content=\"2025-04-03T08:00:32+00:00\" \/>\n<meta name=\"twitter:card\" content=\"summary_large_image\" \/>\n<meta name=\"twitter:label1\" content=\"Dur\u00e9e de lecture estim\u00e9e\" \/>\n\t<meta name=\"twitter:data1\" content=\"2 minutes\" \/>\n<script type=\"application\/ld+json\" class=\"yoast-schema-graph\">{\"@context\":\"https:\/\/schema.org\",\"@graph\":[{\"@type\":\"WebPage\",\"@id\":\"https:\/\/gem-force.fr\/index.php\/mentions-legales\/\",\"url\":\"https:\/\/gem-force.fr\/index.php\/mentions-legales\/\",\"name\":\"Mentions l\u00e9gales - Gem Force\",\"isPartOf\":{\"@id\":\"https:\/\/gem-force.fr\/#website\"},\"datePublished\":\"2025-04-01T19:46:18+00:00\",\"dateModified\":\"2025-04-03T08:00:32+00:00\",\"breadcrumb\":{\"@id\":\"https:\/\/gem-force.fr\/index.php\/mentions-legales\/#breadcrumb\"},\"inLanguage\":\"fr-FR\",\"potentialAction\":[{\"@type\":\"ReadAction\",\"target\":[\"https:\/\/gem-force.fr\/index.php\/mentions-legales\/\"]}]},{\"@type\":\"BreadcrumbList\",\"@id\":\"https:\/\/gem-force.fr\/index.php\/mentions-legales\/#breadcrumb\",\"itemListElement\":[{\"@type\":\"ListItem\",\"position\":1,\"name\":\"Accueil\",\"item\":\"https:\/\/gem-force.fr\/\"},{\"@type\":\"ListItem\",\"position\":2,\"name\":\"Mentions l\u00e9gales\"}]},{\"@type\":\"WebSite\",\"@id\":\"https:\/\/gem-force.fr\/#website\",\"url\":\"https:\/\/gem-force.fr\/\",\"name\":\"Gem Force\",\"description\":\"Votre performance, notre mission !\",\"publisher\":{\"@id\":\"https:\/\/gem-force.fr\/#organization\"},\"potentialAction\":[{\"@type\":\"SearchAction\",\"target\":{\"@type\":\"EntryPoint\",\"urlTemplate\":\"https:\/\/gem-force.fr\/?s={search_term_string}\"},\"query-input\":{\"@type\":\"PropertyValueSpecification\",\"valueRequired\":true,\"valueName\":\"search_term_string\"}}],\"inLanguage\":\"fr-FR\"},{\"@type\":\"Organization\",\"@id\":\"https:\/\/gem-force.fr\/#organization\",\"name\":\"Gem Force\",\"url\":\"https:\/\/gem-force.fr\/\",\"logo\":{\"@type\":\"ImageObject\",\"inLanguage\":\"fr-FR\",\"@id\":\"https:\/\/gem-force.fr\/#\/schema\/logo\/image\/\",\"url\":\"https:\/\/gem-force.fr\/wp-content\/uploads\/2025\/04\/LOGO-edited.png\",\"contentUrl\":\"https:\/\/gem-force.fr\/wp-content\/uploads\/2025\/04\/LOGO-edited.png\",\"width\":382,\"height\":215,\"caption\":\"Gem Force\"},\"image\":{\"@id\":\"https:\/\/gem-force.fr\/#\/schema\/logo\/image\/\"},\"sameAs\":[\"https:\/\/www.facebook.com\/seb.valdu\",\"https:\/\/www.linkedin.com\/in\/sbastien-duval-15569137\/\"]}]}<\/script>\n<!-- \/ Yoast SEO plugin. -->","yoast_head_json":{"title":"Mentions l\u00e9gales - Gem Force","robots":{"index":"index","follow":"follow","max-snippet":"max-snippet:-1","max-image-preview":"max-image-preview:large","max-video-preview":"max-video-preview:-1"},"canonical":"https:\/\/gem-force.fr\/index.php\/mentions-legales\/","og_locale":"fr_FR","og_type":"article","og_title":"Mentions l\u00e9gales - Gem Force","og_description":"1. \u00c9diteur du site Le site Gem Force est \u00e9dit\u00e9 par GEM FORCE, soci\u00e9t\u00e9 par actions simplifi\u00e9e unipersonnelle (SASU) immatricul\u00e9e au Registre du Commerce et des Soci\u00e9t\u00e9s de Le Mans sous le num\u00e9ro 928 449 750. 2. H\u00e9bergement du site Le site est h\u00e9berg\u00e9 par : 3. Propri\u00e9t\u00e9 intellectuelle L\u2019ensemble du contenu du site (textes, [&hellip;]","og_url":"https:\/\/gem-force.fr\/index.php\/mentions-legales\/","og_site_name":"Gem Force","article_publisher":"https:\/\/www.facebook.com\/seb.valdu","article_modified_time":"2025-04-03T08:00:32+00:00","twitter_card":"summary_large_image","twitter_misc":{"Dur\u00e9e de lecture estim\u00e9e":"2 minutes"},"schema":{"@context":"https:\/\/schema.org","@graph":[{"@type":"WebPage","@id":"https:\/\/gem-force.fr\/index.php\/mentions-legales\/","url":"https:\/\/gem-force.fr\/index.php\/mentions-legales\/","name":"Mentions l\u00e9gales - Gem Force","isPartOf":{"@id":"https:\/\/gem-force.fr\/#website"},"datePublished":"2025-04-01T19:46:18+00:00","dateModified":"2025-04-03T08:00:32+00:00","breadcrumb":{"@id":"https:\/\/gem-force.fr\/index.php\/mentions-legales\/#breadcrumb"},"inLanguage":"fr-FR","potentialAction":[{"@type":"ReadAction","target":["https:\/\/gem-force.fr\/index.php\/mentions-legales\/"]}]},{"@type":"BreadcrumbList","@id":"https:\/\/gem-force.fr\/index.php\/mentions-legales\/#breadcrumb","itemListElement":[{"@type":"ListItem","position":1,"name":"Accueil","item":"https:\/\/gem-force.fr\/"},{"@type":"ListItem","position":2,"name":"Mentions l\u00e9gales"}]},{"@type":"WebSite","@id":"https:\/\/gem-force.fr\/#website","url":"https:\/\/gem-force.fr\/","name":"Gem Force","description":"Votre performance, notre mission !","publisher":{"@id":"https:\/\/gem-force.fr\/#organization"},"potentialAction":[{"@type":"SearchAction","target":{"@type":"EntryPoint","urlTemplate":"https:\/\/gem-force.fr\/?s={search_term_string}"},"query-input":{"@type":"PropertyValueSpecification","valueRequired":true,"valueName":"search_term_string"}}],"inLanguage":"fr-FR"},{"@type":"Organization","@id":"https:\/\/gem-force.fr\/#organization","name":"Gem Force","url":"https:\/\/gem-force.fr\/","logo":{"@type":"ImageObject","inLanguage":"fr-FR","@id":"https:\/\/gem-force.fr\/#\/schema\/logo\/image\/","url":"https:\/\/gem-force.fr\/wp-content\/uploads\/2025\/04\/LOGO-edited.png","contentUrl":"https:\/\/gem-force.fr\/wp-content\/uploads\/2025\/04\/LOGO-edited.png","width":382,"height":215,"caption":"Gem Force"},"image":{"@id":"https:\/\/gem-force.fr\/#\/schema\/logo\/image\/"},"sameAs":["https:\/\/www.facebook.com\/seb.valdu","https:\/\/www.linkedin.com\/in\/sbastien-duval-15569137\/"]}]}},"_links":{"self":[{"href":"https:\/\/gem-force.fr\/index.php\/wp-json\/wp\/v2\/pages\/246","targetHints":{"allow":["GET"]}}],"collection":[{"href":"https:\/\/gem-force.fr\/index.php\/wp-json\/wp\/v2\/pages"}],"about":[{"href":"https:\/\/gem-force.fr\/index.php\/wp-json\/wp\/v2\/types\/page"}],"author":[{"embeddable":true,"href":"https:\/\/gem-force.fr\/index.php\/wp-json\/wp\/v2\/users\/1"}],"replies":[{"embeddable":true,"href":"https:\/\/gem-force.fr\/index.php\/wp-json\/wp\/v2\/comments?post=246"}],"version-history":[{"count":4,"href":"https:\/\/gem-force.fr\/index.php\/wp-json\/wp\/v2\/pages\/246\/revisions"}],"predecessor-version":[{"id":307,"href":"https:\/\/gem-force.fr\/index.php\/wp-json\/wp\/v2\/pages\/246\/revisions\/307"}],"wp:attachment":[{"href":"https:\/\/gem-force.fr\/index.php\/wp-json\/wp\/v2\/media?parent=246"}],"curies":[{"name":"wp","href":"https:\/\/api.w.org\/{rel}","templated":true}]}}