{"id":251,"date":"2025-04-01T21:59:21","date_gmt":"2025-04-01T19:59:21","guid":{"rendered":"https:\/\/gem-force.fr\/?page_id=251"},"modified":"2025-04-03T09:58:51","modified_gmt":"2025-04-03T07:58:51","slug":"nous-contacter","status":"publish","type":"page","link":"https:\/\/gem-force.fr\/index.php\/nous-contacter\/","title":{"rendered":"Nous contacter"},"content":{"rendered":"\n<p class=\"has-text-align-center has-small-font-size\">Photo par Damien Meneghesso<\/p>\n\n\n\n<h3 class=\"wp-block-heading\"><strong>Contactez-nous !<\/strong><\/h3>\n\n\n\n<p>Chez <strong>Gem Force<\/strong>, nous sommes \u00e0 votre disposition pour r\u00e9pondre \u00e0 vos questions et \u00e9changer sur vos besoins. Que ce soit pour un audit, du conseil, une formation ou un accompagnement personnalis\u00e9, n\u2019h\u00e9sitez pas \u00e0 nous contacter !<\/p>\n\n\n\n<p><strong>Adresse<\/strong> : 2 B Rue Audet, 72500 Montval-sur-Loir<br><strong>Email<\/strong> : <a>direction@gem-force.fr<\/a><\/p>\n\n\n\n<p>Nous serons ravis de vous accompagner et de construire ensemble des solutions adapt\u00e9es \u00e0 vos d\u00e9fis. <\/p>\n\n\n\n<p><strong>\u00c0 tr\u00e8s bient\u00f4t !<\/strong><\/p>\n","protected":false},"excerpt":{"rendered":"<p>Photo par Damien Meneghesso Contactez-nous ! Chez Gem Force, nous sommes \u00e0 votre disposition pour r\u00e9pondre \u00e0 vos questions et \u00e9changer sur vos besoins. Que ce soit pour un audit, du conseil, une formation ou un accompagnement personnalis\u00e9, n\u2019h\u00e9sitez pas \u00e0 nous contacter ! Adresse : 2 B Rue Audet, 72500 Montval-sur-LoirEmail : direction@gem-force.fr Nous [&hellip;]<\/p>\n","protected":false},"author":1,"featured_media":253,"parent":0,"menu_order":0,"comment_status":"closed","ping_status":"closed","template":"","meta":{"footnotes":""},"class_list":["post-251","page","type-page","status-publish","has-post-thumbnail","hentry"],"yoast_head":"<!-- This site is optimized with the Yoast SEO plugin v24.8.1 - https:\/\/yoast.com\/wordpress\/plugins\/seo\/ -->\n<title>Nous contacter - Gem Force<\/title>\n<meta name=\"robots\" content=\"index, follow, max-snippet:-1, max-image-preview:large, max-video-preview:-1\" \/>\n<link rel=\"canonical\" href=\"https:\/\/gem-force.fr\/index.php\/nous-contacter\/\" \/>\n<meta property=\"og:locale\" content=\"fr_FR\" \/>\n<meta property=\"og:type\" content=\"article\" \/>\n<meta property=\"og:title\" content=\"Nous contacter - Gem Force\" \/>\n<meta property=\"og:description\" content=\"Photo par Damien Meneghesso Contactez-nous ! Chez Gem Force, nous sommes \u00e0 votre disposition pour r\u00e9pondre \u00e0 vos questions et \u00e9changer sur vos besoins. Que ce soit pour un audit, du conseil, une formation ou un accompagnement personnalis\u00e9, n\u2019h\u00e9sitez pas \u00e0 nous contacter ! Adresse : 2 B Rue Audet, 72500 Montval-sur-LoirEmail : direction@gem-force.fr Nous [&hellip;]\" \/>\n<meta property=\"og:url\" content=\"https:\/\/gem-force.fr\/index.php\/nous-contacter\/\" \/>\n<meta property=\"og:site_name\" content=\"Gem Force\" \/>\n<meta property=\"article:publisher\" content=\"https:\/\/www.facebook.com\/seb.valdu\" \/>\n<meta property=\"article:modified_time\" content=\"2025-04-03T07:58:51+00:00\" \/>\n<meta property=\"og:image\" content=\"https:\/\/gem-force.fr\/wp-content\/uploads\/2025\/04\/34-1024x683.png\" \/>\n\t<meta property=\"og:image:width\" content=\"1024\" \/>\n\t<meta property=\"og:image:height\" content=\"683\" \/>\n\t<meta property=\"og:image:type\" content=\"image\/png\" \/>\n<meta name=\"twitter:card\" content=\"summary_large_image\" \/>\n<script type=\"application\/ld+json\" class=\"yoast-schema-graph\">{\"@context\":\"https:\/\/schema.org\",\"@graph\":[{\"@type\":\"WebPage\",\"@id\":\"https:\/\/gem-force.fr\/index.php\/nous-contacter\/\",\"url\":\"https:\/\/gem-force.fr\/index.php\/nous-contacter\/\",\"name\":\"Nous contacter - Gem Force\",\"isPartOf\":{\"@id\":\"https:\/\/gem-force.fr\/#website\"},\"primaryImageOfPage\":{\"@id\":\"https:\/\/gem-force.fr\/index.php\/nous-contacter\/#primaryimage\"},\"image\":{\"@id\":\"https:\/\/gem-force.fr\/index.php\/nous-contacter\/#primaryimage\"},\"thumbnailUrl\":\"https:\/\/gem-force.fr\/wp-content\/uploads\/2025\/04\/34.png\",\"datePublished\":\"2025-04-01T19:59:21+00:00\",\"dateModified\":\"2025-04-03T07:58:51+00:00\",\"breadcrumb\":{\"@id\":\"https:\/\/gem-force.fr\/index.php\/nous-contacter\/#breadcrumb\"},\"inLanguage\":\"fr-FR\",\"potentialAction\":[{\"@type\":\"ReadAction\",\"target\":[\"https:\/\/gem-force.fr\/index.php\/nous-contacter\/\"]}]},{\"@type\":\"ImageObject\",\"inLanguage\":\"fr-FR\",\"@id\":\"https:\/\/gem-force.fr\/index.php\/nous-contacter\/#primaryimage\",\"url\":\"https:\/\/gem-force.fr\/wp-content\/uploads\/2025\/04\/34.png\",\"contentUrl\":\"https:\/\/gem-force.fr\/wp-content\/uploads\/2025\/04\/34.png\",\"width\":12750,\"height\":8500},{\"@type\":\"BreadcrumbList\",\"@id\":\"https:\/\/gem-force.fr\/index.php\/nous-contacter\/#breadcrumb\",\"itemListElement\":[{\"@type\":\"ListItem\",\"position\":1,\"name\":\"Accueil\",\"item\":\"https:\/\/gem-force.fr\/\"},{\"@type\":\"ListItem\",\"position\":2,\"name\":\"Nous contacter\"}]},{\"@type\":\"WebSite\",\"@id\":\"https:\/\/gem-force.fr\/#website\",\"url\":\"https:\/\/gem-force.fr\/\",\"name\":\"Gem Force\",\"description\":\"Votre performance, notre mission !\",\"publisher\":{\"@id\":\"https:\/\/gem-force.fr\/#organization\"},\"potentialAction\":[{\"@type\":\"SearchAction\",\"target\":{\"@type\":\"EntryPoint\",\"urlTemplate\":\"https:\/\/gem-force.fr\/?s={search_term_string}\"},\"query-input\":{\"@type\":\"PropertyValueSpecification\",\"valueRequired\":true,\"valueName\":\"search_term_string\"}}],\"inLanguage\":\"fr-FR\"},{\"@type\":\"Organization\",\"@id\":\"https:\/\/gem-force.fr\/#organization\",\"name\":\"Gem Force\",\"url\":\"https:\/\/gem-force.fr\/\",\"logo\":{\"@type\":\"ImageObject\",\"inLanguage\":\"fr-FR\",\"@id\":\"https:\/\/gem-force.fr\/#\/schema\/logo\/image\/\",\"url\":\"https:\/\/gem-force.fr\/wp-content\/uploads\/2025\/04\/LOGO-edited.png\",\"contentUrl\":\"https:\/\/gem-force.fr\/wp-content\/uploads\/2025\/04\/LOGO-edited.png\",\"width\":382,\"height\":215,\"caption\":\"Gem Force\"},\"image\":{\"@id\":\"https:\/\/gem-force.fr\/#\/schema\/logo\/image\/\"},\"sameAs\":[\"https:\/\/www.facebook.com\/seb.valdu\",\"https:\/\/www.linkedin.com\/in\/sbastien-duval-15569137\/\"]}]}<\/script>\n<!-- \/ Yoast SEO plugin. -->","yoast_head_json":{"title":"Nous contacter - Gem Force","robots":{"index":"index","follow":"follow","max-snippet":"max-snippet:-1","max-image-preview":"max-image-preview:large","max-video-preview":"max-video-preview:-1"},"canonical":"https:\/\/gem-force.fr\/index.php\/nous-contacter\/","og_locale":"fr_FR","og_type":"article","og_title":"Nous contacter - Gem Force","og_description":"Photo par Damien Meneghesso Contactez-nous ! Chez Gem Force, nous sommes \u00e0 votre disposition pour r\u00e9pondre \u00e0 vos questions et \u00e9changer sur vos besoins. Que ce soit pour un audit, du conseil, une formation ou un accompagnement personnalis\u00e9, n\u2019h\u00e9sitez pas \u00e0 nous contacter ! Adresse : 2 B Rue Audet, 72500 Montval-sur-LoirEmail : direction@gem-force.fr Nous [&hellip;]","og_url":"https:\/\/gem-force.fr\/index.php\/nous-contacter\/","og_site_name":"Gem Force","article_publisher":"https:\/\/www.facebook.com\/seb.valdu","article_modified_time":"2025-04-03T07:58:51+00:00","og_image":[{"width":1024,"height":683,"url":"https:\/\/gem-force.fr\/wp-content\/uploads\/2025\/04\/34-1024x683.png","type":"image\/png"}],"twitter_card":"summary_large_image","schema":{"@context":"https:\/\/schema.org","@graph":[{"@type":"WebPage","@id":"https:\/\/gem-force.fr\/index.php\/nous-contacter\/","url":"https:\/\/gem-force.fr\/index.php\/nous-contacter\/","name":"Nous contacter - Gem Force","isPartOf":{"@id":"https:\/\/gem-force.fr\/#website"},"primaryImageOfPage":{"@id":"https:\/\/gem-force.fr\/index.php\/nous-contacter\/#primaryimage"},"image":{"@id":"https:\/\/gem-force.fr\/index.php\/nous-contacter\/#primaryimage"},"thumbnailUrl":"https:\/\/gem-force.fr\/wp-content\/uploads\/2025\/04\/34.png","datePublished":"2025-04-01T19:59:21+00:00","dateModified":"2025-04-03T07:58:51+00:00","breadcrumb":{"@id":"https:\/\/gem-force.fr\/index.php\/nous-contacter\/#breadcrumb"},"inLanguage":"fr-FR","potentialAction":[{"@type":"ReadAction","target":["https:\/\/gem-force.fr\/index.php\/nous-contacter\/"]}]},{"@type":"ImageObject","inLanguage":"fr-FR","@id":"https:\/\/gem-force.fr\/index.php\/nous-contacter\/#primaryimage","url":"https:\/\/gem-force.fr\/wp-content\/uploads\/2025\/04\/34.png","contentUrl":"https:\/\/gem-force.fr\/wp-content\/uploads\/2025\/04\/34.png","width":12750,"height":8500},{"@type":"BreadcrumbList","@id":"https:\/\/gem-force.fr\/index.php\/nous-contacter\/#breadcrumb","itemListElement":[{"@type":"ListItem","position":1,"name":"Accueil","item":"https:\/\/gem-force.fr\/"},{"@type":"ListItem","position":2,"name":"Nous contacter"}]},{"@type":"WebSite","@id":"https:\/\/gem-force.fr\/#website","url":"https:\/\/gem-force.fr\/","name":"Gem Force","description":"Votre performance, notre mission !","publisher":{"@id":"https:\/\/gem-force.fr\/#organization"},"potentialAction":[{"@type":"SearchAction","target":{"@type":"EntryPoint","urlTemplate":"https:\/\/gem-force.fr\/?s={search_term_string}"},"query-input":{"@type":"PropertyValueSpecification","valueRequired":true,"valueName":"search_term_string"}}],"inLanguage":"fr-FR"},{"@type":"Organization","@id":"https:\/\/gem-force.fr\/#organization","name":"Gem Force","url":"https:\/\/gem-force.fr\/","logo":{"@type":"ImageObject","inLanguage":"fr-FR","@id":"https:\/\/gem-force.fr\/#\/schema\/logo\/image\/","url":"https:\/\/gem-force.fr\/wp-content\/uploads\/2025\/04\/LOGO-edited.png","contentUrl":"https:\/\/gem-force.fr\/wp-content\/uploads\/2025\/04\/LOGO-edited.png","width":382,"height":215,"caption":"Gem Force"},"image":{"@id":"https:\/\/gem-force.fr\/#\/schema\/logo\/image\/"},"sameAs":["https:\/\/www.facebook.com\/seb.valdu","https:\/\/www.linkedin.com\/in\/sbastien-duval-15569137\/"]}]}},"_links":{"self":[{"href":"https:\/\/gem-force.fr\/index.php\/wp-json\/wp\/v2\/pages\/251","targetHints":{"allow":["GET"]}}],"collection":[{"href":"https:\/\/gem-force.fr\/index.php\/wp-json\/wp\/v2\/pages"}],"about":[{"href":"https:\/\/gem-force.fr\/index.php\/wp-json\/wp\/v2\/types\/page"}],"author":[{"embeddable":true,"href":"https:\/\/gem-force.fr\/index.php\/wp-json\/wp\/v2\/users\/1"}],"replies":[{"embeddable":true,"href":"https:\/\/gem-force.fr\/index.php\/wp-json\/wp\/v2\/comments?post=251"}],"version-history":[{"count":4,"href":"https:\/\/gem-force.fr\/index.php\/wp-json\/wp\/v2\/pages\/251\/revisions"}],"predecessor-version":[{"id":305,"href":"https:\/\/gem-force.fr\/index.php\/wp-json\/wp\/v2\/pages\/251\/revisions\/305"}],"wp:featuredmedia":[{"embeddable":true,"href":"https:\/\/gem-force.fr\/index.php\/wp-json\/wp\/v2\/media\/253"}],"wp:attachment":[{"href":"https:\/\/gem-force.fr\/index.php\/wp-json\/wp\/v2\/media?parent=251"}],"curies":[{"name":"wp","href":"https:\/\/api.w.org\/{rel}","templated":true}]}}