{"id":261,"date":"2025-04-01T22:13:25","date_gmt":"2025-04-01T20:13:25","guid":{"rendered":"https:\/\/gem-force.fr\/?page_id=261"},"modified":"2025-04-02T21:19:48","modified_gmt":"2025-04-02T19:19:48","slug":"notre-expertise","status":"publish","type":"page","link":"https:\/\/gem-force.fr\/index.php\/notre-expertise\/","title":{"rendered":"Notre expertise"},"content":{"rendered":"\n<p class=\"has-text-align-center has-small-font-size\" style=\"margin-top:0;margin-bottom:0\">Photo par Damien Meneghesso<\/p>\n\n\n\n<h3 class=\"wp-block-heading\"><strong>L\u2019excellence au service de votre performance<\/strong> !<\/h3>\n\n\n\n<p>Chez <strong>Gem Force<\/strong>, nous mettons notre savoir-faire au service de vos ambitions. <\/p>\n\n\n\n<p>Sp\u00e9cialistes du conseil, de l\u2019audit et de la formation, nous accompagnons les entreprises et organisations dans l\u2019optimisation de leurs op\u00e9rations, en particulier dans les domaines du transport et de la logistique.<\/p>\n\n\n\n<p>Notre approche repose sur trois piliers fondamentaux :<\/p>\n\n\n\n<p><strong>Analyse et diagnostic pr\u00e9cis<\/strong> :<br>Nous r\u00e9alisons des audits approfondis pour identifier vos points forts et les axes d\u2019am\u00e9lioration, afin de vous proposer des solutions adapt\u00e9es \u00e0 vos d\u00e9fis sp\u00e9cifiques.<\/p>\n\n\n\n<p><strong>Conseil strat\u00e9gique et accompagnement<\/strong><br>Nos experts vous guident dans la mise en place de strat\u00e9gies performantes et innovantes pour am\u00e9liorer votre efficacit\u00e9, r\u00e9duire vos co\u00fbts et assurer la conformit\u00e9 de vos op\u00e9rations.<\/p>\n\n\n\n<p><strong>Formation et mont\u00e9e en comp\u00e9tences<\/strong><br>Parce que la connaissance est un levier de r\u00e9ussite, nous proposons des formations sur-mesure pour renforcer les comp\u00e9tences de vos \u00e9quipes et optimiser votre organisation.<\/p>\n\n\n\n<p>Avec <strong>Gem Force<\/strong>, transformez vos d\u00e9fis en opportunit\u00e9s et prenez une longueur d\u2019avance. <\/p>\n\n\n\n<p><strong>Grandissons Ensemble Maintenant<\/strong> vers l\u2019excellence !<\/p>\n\n\n\n<div class=\"wp-block-buttons is-content-justification-center is-layout-flex wp-container-core-buttons-is-layout-a89b3969 wp-block-buttons-is-layout-flex\">\n<div class=\"wp-block-button\"><a class=\"wp-block-button__link wp-element-button\" href=\"https:\/\/gem-force.fr\/index.php\/nous-contacter\/\">On en discute ?<\/a><\/div>\n<\/div>\n\n\n\n<p><\/p>\n","protected":false},"excerpt":{"rendered":"<p>Photo par Damien Meneghesso L\u2019excellence au service de votre performance ! Chez Gem Force, nous mettons notre savoir-faire au service de vos ambitions. Sp\u00e9cialistes du conseil, de l\u2019audit et de la formation, nous accompagnons les entreprises et organisations dans l\u2019optimisation de leurs op\u00e9rations, en particulier dans les domaines du transport et de la logistique. Notre [&hellip;]<\/p>\n","protected":false},"author":1,"featured_media":265,"parent":0,"menu_order":0,"comment_status":"closed","ping_status":"closed","template":"","meta":{"footnotes":""},"class_list":["post-261","page","type-page","status-publish","has-post-thumbnail","hentry"],"yoast_head":"<!-- This site is optimized with the Yoast SEO plugin v24.8.1 - https:\/\/yoast.com\/wordpress\/plugins\/seo\/ -->\n<title>Notre expertise - Gem Force<\/title>\n<meta name=\"robots\" content=\"index, follow, max-snippet:-1, max-image-preview:large, max-video-preview:-1\" \/>\n<link rel=\"canonical\" href=\"https:\/\/gem-force.fr\/index.php\/notre-expertise\/\" \/>\n<meta property=\"og:locale\" content=\"fr_FR\" \/>\n<meta property=\"og:type\" content=\"article\" \/>\n<meta property=\"og:title\" content=\"Notre expertise - Gem Force\" \/>\n<meta property=\"og:description\" content=\"Photo par Damien Meneghesso L\u2019excellence au service de votre performance ! Chez Gem Force, nous mettons notre savoir-faire au service de vos ambitions. Sp\u00e9cialistes du conseil, de l\u2019audit et de la formation, nous accompagnons les entreprises et organisations dans l\u2019optimisation de leurs op\u00e9rations, en particulier dans les domaines du transport et de la logistique. Notre [&hellip;]\" \/>\n<meta property=\"og:url\" content=\"https:\/\/gem-force.fr\/index.php\/notre-expertise\/\" \/>\n<meta property=\"og:site_name\" content=\"Gem Force\" \/>\n<meta property=\"article:publisher\" content=\"https:\/\/www.facebook.com\/seb.valdu\" \/>\n<meta property=\"article:modified_time\" content=\"2025-04-02T19:19:48+00:00\" \/>\n<meta property=\"og:image\" content=\"https:\/\/gem-force.fr\/wp-content\/uploads\/2025\/04\/290.jpeg\" \/>\n\t<meta property=\"og:image:width\" content=\"2048\" \/>\n\t<meta property=\"og:image:height\" content=\"1364\" \/>\n\t<meta property=\"og:image:type\" content=\"image\/jpeg\" \/>\n<meta name=\"twitter:card\" content=\"summary_large_image\" \/>\n<meta name=\"twitter:label1\" content=\"Dur\u00e9e de lecture estim\u00e9e\" \/>\n\t<meta name=\"twitter:data1\" content=\"1 minute\" \/>\n<script type=\"application\/ld+json\" class=\"yoast-schema-graph\">{\"@context\":\"https:\/\/schema.org\",\"@graph\":[{\"@type\":\"WebPage\",\"@id\":\"https:\/\/gem-force.fr\/index.php\/notre-expertise\/\",\"url\":\"https:\/\/gem-force.fr\/index.php\/notre-expertise\/\",\"name\":\"Notre expertise - Gem Force\",\"isPartOf\":{\"@id\":\"https:\/\/gem-force.fr\/#website\"},\"primaryImageOfPage\":{\"@id\":\"https:\/\/gem-force.fr\/index.php\/notre-expertise\/#primaryimage\"},\"image\":{\"@id\":\"https:\/\/gem-force.fr\/index.php\/notre-expertise\/#primaryimage\"},\"thumbnailUrl\":\"https:\/\/gem-force.fr\/wp-content\/uploads\/2025\/04\/290.jpeg\",\"datePublished\":\"2025-04-01T20:13:25+00:00\",\"dateModified\":\"2025-04-02T19:19:48+00:00\",\"breadcrumb\":{\"@id\":\"https:\/\/gem-force.fr\/index.php\/notre-expertise\/#breadcrumb\"},\"inLanguage\":\"fr-FR\",\"potentialAction\":[{\"@type\":\"ReadAction\",\"target\":[\"https:\/\/gem-force.fr\/index.php\/notre-expertise\/\"]}]},{\"@type\":\"ImageObject\",\"inLanguage\":\"fr-FR\",\"@id\":\"https:\/\/gem-force.fr\/index.php\/notre-expertise\/#primaryimage\",\"url\":\"https:\/\/gem-force.fr\/wp-content\/uploads\/2025\/04\/290.jpeg\",\"contentUrl\":\"https:\/\/gem-force.fr\/wp-content\/uploads\/2025\/04\/290.jpeg\",\"width\":2048,\"height\":1364},{\"@type\":\"BreadcrumbList\",\"@id\":\"https:\/\/gem-force.fr\/index.php\/notre-expertise\/#breadcrumb\",\"itemListElement\":[{\"@type\":\"ListItem\",\"position\":1,\"name\":\"Accueil\",\"item\":\"https:\/\/gem-force.fr\/\"},{\"@type\":\"ListItem\",\"position\":2,\"name\":\"Notre expertise\"}]},{\"@type\":\"WebSite\",\"@id\":\"https:\/\/gem-force.fr\/#website\",\"url\":\"https:\/\/gem-force.fr\/\",\"name\":\"Gem Force\",\"description\":\"Votre performance, notre mission !\",\"publisher\":{\"@id\":\"https:\/\/gem-force.fr\/#organization\"},\"potentialAction\":[{\"@type\":\"SearchAction\",\"target\":{\"@type\":\"EntryPoint\",\"urlTemplate\":\"https:\/\/gem-force.fr\/?s={search_term_string}\"},\"query-input\":{\"@type\":\"PropertyValueSpecification\",\"valueRequired\":true,\"valueName\":\"search_term_string\"}}],\"inLanguage\":\"fr-FR\"},{\"@type\":\"Organization\",\"@id\":\"https:\/\/gem-force.fr\/#organization\",\"name\":\"Gem Force\",\"url\":\"https:\/\/gem-force.fr\/\",\"logo\":{\"@type\":\"ImageObject\",\"inLanguage\":\"fr-FR\",\"@id\":\"https:\/\/gem-force.fr\/#\/schema\/logo\/image\/\",\"url\":\"https:\/\/gem-force.fr\/wp-content\/uploads\/2025\/04\/LOGO-edited.png\",\"contentUrl\":\"https:\/\/gem-force.fr\/wp-content\/uploads\/2025\/04\/LOGO-edited.png\",\"width\":382,\"height\":215,\"caption\":\"Gem Force\"},\"image\":{\"@id\":\"https:\/\/gem-force.fr\/#\/schema\/logo\/image\/\"},\"sameAs\":[\"https:\/\/www.facebook.com\/seb.valdu\",\"https:\/\/www.linkedin.com\/in\/sbastien-duval-15569137\/\"]}]}<\/script>\n<!-- \/ Yoast SEO plugin. -->","yoast_head_json":{"title":"Notre expertise - Gem Force","robots":{"index":"index","follow":"follow","max-snippet":"max-snippet:-1","max-image-preview":"max-image-preview:large","max-video-preview":"max-video-preview:-1"},"canonical":"https:\/\/gem-force.fr\/index.php\/notre-expertise\/","og_locale":"fr_FR","og_type":"article","og_title":"Notre expertise - Gem Force","og_description":"Photo par Damien Meneghesso L\u2019excellence au service de votre performance ! Chez Gem Force, nous mettons notre savoir-faire au service de vos ambitions. Sp\u00e9cialistes du conseil, de l\u2019audit et de la formation, nous accompagnons les entreprises et organisations dans l\u2019optimisation de leurs op\u00e9rations, en particulier dans les domaines du transport et de la logistique. Notre [&hellip;]","og_url":"https:\/\/gem-force.fr\/index.php\/notre-expertise\/","og_site_name":"Gem Force","article_publisher":"https:\/\/www.facebook.com\/seb.valdu","article_modified_time":"2025-04-02T19:19:48+00:00","og_image":[{"width":2048,"height":1364,"url":"https:\/\/gem-force.fr\/wp-content\/uploads\/2025\/04\/290.jpeg","type":"image\/jpeg"}],"twitter_card":"summary_large_image","twitter_misc":{"Dur\u00e9e de lecture estim\u00e9e":"1 minute"},"schema":{"@context":"https:\/\/schema.org","@graph":[{"@type":"WebPage","@id":"https:\/\/gem-force.fr\/index.php\/notre-expertise\/","url":"https:\/\/gem-force.fr\/index.php\/notre-expertise\/","name":"Notre expertise - Gem Force","isPartOf":{"@id":"https:\/\/gem-force.fr\/#website"},"primaryImageOfPage":{"@id":"https:\/\/gem-force.fr\/index.php\/notre-expertise\/#primaryimage"},"image":{"@id":"https:\/\/gem-force.fr\/index.php\/notre-expertise\/#primaryimage"},"thumbnailUrl":"https:\/\/gem-force.fr\/wp-content\/uploads\/2025\/04\/290.jpeg","datePublished":"2025-04-01T20:13:25+00:00","dateModified":"2025-04-02T19:19:48+00:00","breadcrumb":{"@id":"https:\/\/gem-force.fr\/index.php\/notre-expertise\/#breadcrumb"},"inLanguage":"fr-FR","potentialAction":[{"@type":"ReadAction","target":["https:\/\/gem-force.fr\/index.php\/notre-expertise\/"]}]},{"@type":"ImageObject","inLanguage":"fr-FR","@id":"https:\/\/gem-force.fr\/index.php\/notre-expertise\/#primaryimage","url":"https:\/\/gem-force.fr\/wp-content\/uploads\/2025\/04\/290.jpeg","contentUrl":"https:\/\/gem-force.fr\/wp-content\/uploads\/2025\/04\/290.jpeg","width":2048,"height":1364},{"@type":"BreadcrumbList","@id":"https:\/\/gem-force.fr\/index.php\/notre-expertise\/#breadcrumb","itemListElement":[{"@type":"ListItem","position":1,"name":"Accueil","item":"https:\/\/gem-force.fr\/"},{"@type":"ListItem","position":2,"name":"Notre expertise"}]},{"@type":"WebSite","@id":"https:\/\/gem-force.fr\/#website","url":"https:\/\/gem-force.fr\/","name":"Gem Force","description":"Votre performance, notre mission !","publisher":{"@id":"https:\/\/gem-force.fr\/#organization"},"potentialAction":[{"@type":"SearchAction","target":{"@type":"EntryPoint","urlTemplate":"https:\/\/gem-force.fr\/?s={search_term_string}"},"query-input":{"@type":"PropertyValueSpecification","valueRequired":true,"valueName":"search_term_string"}}],"inLanguage":"fr-FR"},{"@type":"Organization","@id":"https:\/\/gem-force.fr\/#organization","name":"Gem Force","url":"https:\/\/gem-force.fr\/","logo":{"@type":"ImageObject","inLanguage":"fr-FR","@id":"https:\/\/gem-force.fr\/#\/schema\/logo\/image\/","url":"https:\/\/gem-force.fr\/wp-content\/uploads\/2025\/04\/LOGO-edited.png","contentUrl":"https:\/\/gem-force.fr\/wp-content\/uploads\/2025\/04\/LOGO-edited.png","width":382,"height":215,"caption":"Gem Force"},"image":{"@id":"https:\/\/gem-force.fr\/#\/schema\/logo\/image\/"},"sameAs":["https:\/\/www.facebook.com\/seb.valdu","https:\/\/www.linkedin.com\/in\/sbastien-duval-15569137\/"]}]}},"_links":{"self":[{"href":"https:\/\/gem-force.fr\/index.php\/wp-json\/wp\/v2\/pages\/261","targetHints":{"allow":["GET"]}}],"collection":[{"href":"https:\/\/gem-force.fr\/index.php\/wp-json\/wp\/v2\/pages"}],"about":[{"href":"https:\/\/gem-force.fr\/index.php\/wp-json\/wp\/v2\/types\/page"}],"author":[{"embeddable":true,"href":"https:\/\/gem-force.fr\/index.php\/wp-json\/wp\/v2\/users\/1"}],"replies":[{"embeddable":true,"href":"https:\/\/gem-force.fr\/index.php\/wp-json\/wp\/v2\/comments?post=261"}],"version-history":[{"count":6,"href":"https:\/\/gem-force.fr\/index.php\/wp-json\/wp\/v2\/pages\/261\/revisions"}],"predecessor-version":[{"id":293,"href":"https:\/\/gem-force.fr\/index.php\/wp-json\/wp\/v2\/pages\/261\/revisions\/293"}],"wp:featuredmedia":[{"embeddable":true,"href":"https:\/\/gem-force.fr\/index.php\/wp-json\/wp\/v2\/media\/265"}],"wp:attachment":[{"href":"https:\/\/gem-force.fr\/index.php\/wp-json\/wp\/v2\/media?parent=261"}],"curies":[{"name":"wp","href":"https:\/\/api.w.org\/{rel}","templated":true}]}}