{"id":276,"date":"2025-04-01T22:33:53","date_gmt":"2025-04-01T20:33:53","guid":{"rendered":"https:\/\/gem-force.fr\/?page_id=276"},"modified":"2025-04-03T10:00:56","modified_gmt":"2025-04-03T08:00:56","slug":"qui-sommes-nous","status":"publish","type":"page","link":"https:\/\/gem-force.fr\/index.php\/qui-sommes-nous\/","title":{"rendered":"Qui sommes-nous ?"},"content":{"rendered":"\n<div style=\"height:30px\" aria-hidden=\"true\" class=\"wp-block-spacer\"><\/div>\n\n\n\n<p><strong>Gem Force<\/strong> est une entreprise d\u00e9di\u00e9e \u00e0 l\u2019accompagnement des professionnels dans les secteurs du <strong>transport<\/strong> et de <strong>la logistique<\/strong>, offrant des solutions sur mesure en <strong>consulting<\/strong>, <strong>formations<\/strong>, <strong>audits<\/strong>, et <strong>services personnalis\u00e9s<\/strong>. <\/p>\n\n\n\n<p>Fond\u00e9e en 2024 par <strong><a href=\"https:\/\/www.linkedin.com\/in\/s%C3%A9bastien-duval-15569137\/\">S\u00e9bastien Duval<\/a><\/strong>, <strong>Gem Force<\/strong> combine expertise et passion pour l\u2019innovation afin d\u2019aider ses partenaires \u00e0 relever leurs d\u00e9fis logistiques et \u00e0 optimiser leur activit\u00e9.<\/p>\n\n\n\n<p>Avant de cr\u00e9er <strong>Gem Force<\/strong>, <strong>S\u00e9bastien Duval<\/strong> a suivi un parcours scolaire dans le domaine des transports et de la logistique. <\/p>\n\n\n\n<p>Apr\u00e8s avoir obtenu ses <strong>ma\u00eetrises en ing\u00e9nierie des transports<\/strong> et en <strong>logistique<\/strong> entre 1989 et 1992 \u00e0 l\u2019<strong>EDTR<\/strong> (\u00c9cole des Transports et de la Logistique), il commence sa carri\u00e8re dans le secteur des transports. Il a d\u00e9but\u00e9 en tant que <strong>conducteur routier<\/strong> avant de progresser \u00e0 divers postes au sein de <strong>Transports Duval<\/strong>, l&rsquo;entreprise familiale fond\u00e9e par son grand-p\u00e8re. <\/p>\n\n\n\n<h3 class=\"wp-block-heading\"><strong>L&rsquo;histoire de Transports Duval :<\/strong><\/h3>\n\n\n\n<p><strong>Transports Duval<\/strong> a \u00e9t\u00e9 cr\u00e9\u00e9e par le grand-p\u00e8re de S\u00e9bastien, et c\u2019est en <strong>2006<\/strong> que S\u00e9bastien reprend la direction de l&rsquo;entreprise, alors situ\u00e9e \u00e0 <strong>Ch\u00e2teau-du-Loir<\/strong> (72). <\/p>\n\n\n\n<p>Sous sa direction, l&rsquo;entreprise a connu une croissance soutenue, passant de quelques employ\u00e9s \u00e0 <strong>95 salari\u00e9s<\/strong>, dont <strong>75 conducteurs<\/strong> et une flotte de <strong>60 moteurs<\/strong> et plus de <strong>100 semi-remorques<\/strong>. <\/p>\n\n\n\n<p>En tant que <strong>pr\u00e9sident<\/strong> et <strong>dirigeant<\/strong>, S\u00e9bastien a modernis\u00e9 et \u00e9largi les op\u00e9rations de l\u2019entreprise, en introduisant des solutions innovantes tout en maintenant un service de haute qualit\u00e9 pour ses clients.<\/p>\n\n\n\n<ul class=\"wp-block-list\">\n<li><strong>1996-1997<\/strong> : Conducteur routier<\/li>\n\n\n\n<li><strong>1998-1999<\/strong> : Cariste \/ Manutentionnaire<\/li>\n\n\n\n<li><strong>2002-2005<\/strong> : Responsable commercial chez <strong>Transports Duval<\/strong><\/li>\n\n\n\n<li><strong>2006-2013<\/strong> : Dirigeant et responsable de la croissance de l\u2019entreprise<\/li>\n\n\n\n<li><strong>2013-2022<\/strong> : Pr\u00e9sident de <strong>Transports Duval<\/strong>, avec une \u00e9quipe de 95 personnes<\/li>\n<\/ul>\n\n\n\n<p>En <strong>2022<\/strong>, apr\u00e8s avoir dirig\u00e9 l&rsquo;entreprise pendant pr\u00e8s de 16 ans, S\u00e9bastien a pris la d\u00e9cision de c\u00e9der <strong>Transports Duval<\/strong> pour se concentrer sur un nouveau projet.<\/p>\n\n\n\n<p>C\u2019est ainsi qu\u2019il a fond\u00e9 <strong>Gem Force<\/strong> en <strong>2024<\/strong>, avec la volont\u00e9 de mettre \u00e0 profit son exp\u00e9rience et son expertise pour aider d\u2019autres entreprises \u00e0 surmonter leurs d\u00e9fis logistiques et \u00e0 optimiser leur fonctionnement.<\/p>\n\n\n\n<p>Aujourd\u2019hui, <strong>Gem Force<\/strong> est plus qu\u2019un cabinet de conseil : c\u2019est un partenaire strat\u00e9gique qui aide ses clients \u00e0 naviguer dans un secteur en constante \u00e9volution. <\/p>\n\n\n\n<p>Que vous soyez une entreprise de transport ou un acteur d\u2019un autre secteur, nous mettons tout en \u0153uvre pour vous fournir des solutions adapt\u00e9es et efficaces, l\u00e0 o\u00f9 vous en avez besoin.<\/p>\n\n\n\n<div class=\"wp-block-buttons is-content-justification-center is-layout-flex wp-container-core-buttons-is-layout-a89b3969 wp-block-buttons-is-layout-flex\">\n<div class=\"wp-block-button\"><a class=\"wp-block-button__link wp-element-button\" href=\"https:\/\/gem-force.fr\/index.php\/nous-contacter\/\">En savoir plus<\/a><\/div>\n<\/div>\n","protected":false},"excerpt":{"rendered":"<p>Gem Force est une entreprise d\u00e9di\u00e9e \u00e0 l\u2019accompagnement des professionnels dans les secteurs du transport et de la logistique, offrant des solutions sur mesure en consulting, formations, audits, et services personnalis\u00e9s. Fond\u00e9e en 2024 par S\u00e9bastien Duval, Gem Force combine expertise et passion pour l\u2019innovation afin d\u2019aider ses partenaires \u00e0 relever leurs d\u00e9fis logistiques et [&hellip;]<\/p>\n","protected":false},"author":1,"featured_media":282,"parent":0,"menu_order":0,"comment_status":"closed","ping_status":"closed","template":"","meta":{"footnotes":""},"class_list":["post-276","page","type-page","status-publish","has-post-thumbnail","hentry"],"yoast_head":"<!-- This site is optimized with the Yoast SEO plugin v24.8.1 - https:\/\/yoast.com\/wordpress\/plugins\/seo\/ -->\n<title>Qui sommes-nous ? - Gem Force<\/title>\n<meta name=\"robots\" content=\"index, follow, max-snippet:-1, max-image-preview:large, max-video-preview:-1\" \/>\n<link rel=\"canonical\" href=\"https:\/\/gem-force.fr\/index.php\/qui-sommes-nous\/\" \/>\n<meta property=\"og:locale\" content=\"fr_FR\" \/>\n<meta property=\"og:type\" content=\"article\" \/>\n<meta property=\"og:title\" content=\"Qui sommes-nous ? - Gem Force\" \/>\n<meta property=\"og:description\" content=\"Gem Force est une entreprise d\u00e9di\u00e9e \u00e0 l\u2019accompagnement des professionnels dans les secteurs du transport et de la logistique, offrant des solutions sur mesure en consulting, formations, audits, et services personnalis\u00e9s. Fond\u00e9e en 2024 par S\u00e9bastien Duval, Gem Force combine expertise et passion pour l\u2019innovation afin d\u2019aider ses partenaires \u00e0 relever leurs d\u00e9fis logistiques et [&hellip;]\" \/>\n<meta property=\"og:url\" content=\"https:\/\/gem-force.fr\/index.php\/qui-sommes-nous\/\" \/>\n<meta property=\"og:site_name\" content=\"Gem Force\" \/>\n<meta property=\"article:publisher\" content=\"https:\/\/www.facebook.com\/seb.valdu\" \/>\n<meta property=\"article:modified_time\" content=\"2025-04-03T08:00:56+00:00\" \/>\n<meta property=\"og:image\" content=\"https:\/\/gem-force.fr\/wp-content\/uploads\/2025\/04\/4322.png\" \/>\n\t<meta property=\"og:image:width\" content=\"960\" \/>\n\t<meta property=\"og:image:height\" content=\"590\" \/>\n\t<meta property=\"og:image:type\" content=\"image\/png\" \/>\n<meta name=\"twitter:card\" content=\"summary_large_image\" \/>\n<meta name=\"twitter:label1\" content=\"Dur\u00e9e de lecture estim\u00e9e\" \/>\n\t<meta name=\"twitter:data1\" content=\"2 minutes\" \/>\n<script type=\"application\/ld+json\" class=\"yoast-schema-graph\">{\"@context\":\"https:\/\/schema.org\",\"@graph\":[{\"@type\":\"WebPage\",\"@id\":\"https:\/\/gem-force.fr\/index.php\/qui-sommes-nous\/\",\"url\":\"https:\/\/gem-force.fr\/index.php\/qui-sommes-nous\/\",\"name\":\"Qui sommes-nous ? - Gem Force\",\"isPartOf\":{\"@id\":\"https:\/\/gem-force.fr\/#website\"},\"primaryImageOfPage\":{\"@id\":\"https:\/\/gem-force.fr\/index.php\/qui-sommes-nous\/#primaryimage\"},\"image\":{\"@id\":\"https:\/\/gem-force.fr\/index.php\/qui-sommes-nous\/#primaryimage\"},\"thumbnailUrl\":\"https:\/\/gem-force.fr\/wp-content\/uploads\/2025\/04\/4322.png\",\"datePublished\":\"2025-04-01T20:33:53+00:00\",\"dateModified\":\"2025-04-03T08:00:56+00:00\",\"breadcrumb\":{\"@id\":\"https:\/\/gem-force.fr\/index.php\/qui-sommes-nous\/#breadcrumb\"},\"inLanguage\":\"fr-FR\",\"potentialAction\":[{\"@type\":\"ReadAction\",\"target\":[\"https:\/\/gem-force.fr\/index.php\/qui-sommes-nous\/\"]}]},{\"@type\":\"ImageObject\",\"inLanguage\":\"fr-FR\",\"@id\":\"https:\/\/gem-force.fr\/index.php\/qui-sommes-nous\/#primaryimage\",\"url\":\"https:\/\/gem-force.fr\/wp-content\/uploads\/2025\/04\/4322.png\",\"contentUrl\":\"https:\/\/gem-force.fr\/wp-content\/uploads\/2025\/04\/4322.png\",\"width\":960,\"height\":590},{\"@type\":\"BreadcrumbList\",\"@id\":\"https:\/\/gem-force.fr\/index.php\/qui-sommes-nous\/#breadcrumb\",\"itemListElement\":[{\"@type\":\"ListItem\",\"position\":1,\"name\":\"Accueil\",\"item\":\"https:\/\/gem-force.fr\/\"},{\"@type\":\"ListItem\",\"position\":2,\"name\":\"Qui sommes-nous ?\"}]},{\"@type\":\"WebSite\",\"@id\":\"https:\/\/gem-force.fr\/#website\",\"url\":\"https:\/\/gem-force.fr\/\",\"name\":\"Gem Force\",\"description\":\"Votre performance, notre mission !\",\"publisher\":{\"@id\":\"https:\/\/gem-force.fr\/#organization\"},\"potentialAction\":[{\"@type\":\"SearchAction\",\"target\":{\"@type\":\"EntryPoint\",\"urlTemplate\":\"https:\/\/gem-force.fr\/?s={search_term_string}\"},\"query-input\":{\"@type\":\"PropertyValueSpecification\",\"valueRequired\":true,\"valueName\":\"search_term_string\"}}],\"inLanguage\":\"fr-FR\"},{\"@type\":\"Organization\",\"@id\":\"https:\/\/gem-force.fr\/#organization\",\"name\":\"Gem Force\",\"url\":\"https:\/\/gem-force.fr\/\",\"logo\":{\"@type\":\"ImageObject\",\"inLanguage\":\"fr-FR\",\"@id\":\"https:\/\/gem-force.fr\/#\/schema\/logo\/image\/\",\"url\":\"https:\/\/gem-force.fr\/wp-content\/uploads\/2025\/04\/LOGO-edited.png\",\"contentUrl\":\"https:\/\/gem-force.fr\/wp-content\/uploads\/2025\/04\/LOGO-edited.png\",\"width\":382,\"height\":215,\"caption\":\"Gem Force\"},\"image\":{\"@id\":\"https:\/\/gem-force.fr\/#\/schema\/logo\/image\/\"},\"sameAs\":[\"https:\/\/www.facebook.com\/seb.valdu\",\"https:\/\/www.linkedin.com\/in\/sbastien-duval-15569137\/\"]}]}<\/script>\n<!-- \/ Yoast SEO plugin. -->","yoast_head_json":{"title":"Qui sommes-nous ? - Gem Force","robots":{"index":"index","follow":"follow","max-snippet":"max-snippet:-1","max-image-preview":"max-image-preview:large","max-video-preview":"max-video-preview:-1"},"canonical":"https:\/\/gem-force.fr\/index.php\/qui-sommes-nous\/","og_locale":"fr_FR","og_type":"article","og_title":"Qui sommes-nous ? - Gem Force","og_description":"Gem Force est une entreprise d\u00e9di\u00e9e \u00e0 l\u2019accompagnement des professionnels dans les secteurs du transport et de la logistique, offrant des solutions sur mesure en consulting, formations, audits, et services personnalis\u00e9s. Fond\u00e9e en 2024 par S\u00e9bastien Duval, Gem Force combine expertise et passion pour l\u2019innovation afin d\u2019aider ses partenaires \u00e0 relever leurs d\u00e9fis logistiques et [&hellip;]","og_url":"https:\/\/gem-force.fr\/index.php\/qui-sommes-nous\/","og_site_name":"Gem Force","article_publisher":"https:\/\/www.facebook.com\/seb.valdu","article_modified_time":"2025-04-03T08:00:56+00:00","og_image":[{"width":960,"height":590,"url":"https:\/\/gem-force.fr\/wp-content\/uploads\/2025\/04\/4322.png","type":"image\/png"}],"twitter_card":"summary_large_image","twitter_misc":{"Dur\u00e9e de lecture estim\u00e9e":"2 minutes"},"schema":{"@context":"https:\/\/schema.org","@graph":[{"@type":"WebPage","@id":"https:\/\/gem-force.fr\/index.php\/qui-sommes-nous\/","url":"https:\/\/gem-force.fr\/index.php\/qui-sommes-nous\/","name":"Qui sommes-nous ? - Gem Force","isPartOf":{"@id":"https:\/\/gem-force.fr\/#website"},"primaryImageOfPage":{"@id":"https:\/\/gem-force.fr\/index.php\/qui-sommes-nous\/#primaryimage"},"image":{"@id":"https:\/\/gem-force.fr\/index.php\/qui-sommes-nous\/#primaryimage"},"thumbnailUrl":"https:\/\/gem-force.fr\/wp-content\/uploads\/2025\/04\/4322.png","datePublished":"2025-04-01T20:33:53+00:00","dateModified":"2025-04-03T08:00:56+00:00","breadcrumb":{"@id":"https:\/\/gem-force.fr\/index.php\/qui-sommes-nous\/#breadcrumb"},"inLanguage":"fr-FR","potentialAction":[{"@type":"ReadAction","target":["https:\/\/gem-force.fr\/index.php\/qui-sommes-nous\/"]}]},{"@type":"ImageObject","inLanguage":"fr-FR","@id":"https:\/\/gem-force.fr\/index.php\/qui-sommes-nous\/#primaryimage","url":"https:\/\/gem-force.fr\/wp-content\/uploads\/2025\/04\/4322.png","contentUrl":"https:\/\/gem-force.fr\/wp-content\/uploads\/2025\/04\/4322.png","width":960,"height":590},{"@type":"BreadcrumbList","@id":"https:\/\/gem-force.fr\/index.php\/qui-sommes-nous\/#breadcrumb","itemListElement":[{"@type":"ListItem","position":1,"name":"Accueil","item":"https:\/\/gem-force.fr\/"},{"@type":"ListItem","position":2,"name":"Qui sommes-nous ?"}]},{"@type":"WebSite","@id":"https:\/\/gem-force.fr\/#website","url":"https:\/\/gem-force.fr\/","name":"Gem Force","description":"Votre performance, notre mission !","publisher":{"@id":"https:\/\/gem-force.fr\/#organization"},"potentialAction":[{"@type":"SearchAction","target":{"@type":"EntryPoint","urlTemplate":"https:\/\/gem-force.fr\/?s={search_term_string}"},"query-input":{"@type":"PropertyValueSpecification","valueRequired":true,"valueName":"search_term_string"}}],"inLanguage":"fr-FR"},{"@type":"Organization","@id":"https:\/\/gem-force.fr\/#organization","name":"Gem Force","url":"https:\/\/gem-force.fr\/","logo":{"@type":"ImageObject","inLanguage":"fr-FR","@id":"https:\/\/gem-force.fr\/#\/schema\/logo\/image\/","url":"https:\/\/gem-force.fr\/wp-content\/uploads\/2025\/04\/LOGO-edited.png","contentUrl":"https:\/\/gem-force.fr\/wp-content\/uploads\/2025\/04\/LOGO-edited.png","width":382,"height":215,"caption":"Gem Force"},"image":{"@id":"https:\/\/gem-force.fr\/#\/schema\/logo\/image\/"},"sameAs":["https:\/\/www.facebook.com\/seb.valdu","https:\/\/www.linkedin.com\/in\/sbastien-duval-15569137\/"]}]}},"_links":{"self":[{"href":"https:\/\/gem-force.fr\/index.php\/wp-json\/wp\/v2\/pages\/276","targetHints":{"allow":["GET"]}}],"collection":[{"href":"https:\/\/gem-force.fr\/index.php\/wp-json\/wp\/v2\/pages"}],"about":[{"href":"https:\/\/gem-force.fr\/index.php\/wp-json\/wp\/v2\/types\/page"}],"author":[{"embeddable":true,"href":"https:\/\/gem-force.fr\/index.php\/wp-json\/wp\/v2\/users\/1"}],"replies":[{"embeddable":true,"href":"https:\/\/gem-force.fr\/index.php\/wp-json\/wp\/v2\/comments?post=276"}],"version-history":[{"count":6,"href":"https:\/\/gem-force.fr\/index.php\/wp-json\/wp\/v2\/pages\/276\/revisions"}],"predecessor-version":[{"id":308,"href":"https:\/\/gem-force.fr\/index.php\/wp-json\/wp\/v2\/pages\/276\/revisions\/308"}],"wp:featuredmedia":[{"embeddable":true,"href":"https:\/\/gem-force.fr\/index.php\/wp-json\/wp\/v2\/media\/282"}],"wp:attachment":[{"href":"https:\/\/gem-force.fr\/index.php\/wp-json\/wp\/v2\/media?parent=276"}],"curies":[{"name":"wp","href":"https:\/\/api.w.org\/{rel}","templated":true}]}}